{"id":18,"date":"2017-05-30T15:04:59","date_gmt":"2017-05-30T15:04:59","guid":{"rendered":"http:\/\/immersebible.com\/?page_id=18"},"modified":"2019-12-27T14:58:14","modified_gmt":"2019-12-27T14:58:14","slug":"acerca-de-inmersion","status":"publish","type":"page","link":"https:\/\/sites.tyndale.com\/bibliainmersion\/acerca-de-inmersion\/","title":{"rendered":"Acerca de Inmersi&oacute;n"},"content":{"rendered":"<div id=\"content\" class=\"site-content\">\n<div id=\"primary\" class=\"content-area\">\n\t\t<main id=\"main\" class=\"site-main\" role=\"main\"><\/p>\n<article id=\"post-18\" class=\"post-18 page type-page status-publish hentry\">\n<p>\t<!-- Hide page title --><br \/>\n\t<!--\n\n<header class=\"entry-header\">\n\t\t\n\n<h1 class=\"entry-title\">Acerca de Inmersi&oacute;n<\/h1>\n\n\t<\/header>\n\n--><!-- .entry-header --><\/p>\n<div class=\"entry-content\">\n\t\t<!-- HERO SECTION --><\/p>\n<header class=\"hero\"><\/header>\n<p><!-- end hero --><\/p>\n<p><!-- PAGE HEADER --><\/p>\n<header class=\"page-header\">\n<h2>Acerca de Inmersi\u00f3n<\/h2>\n<\/header>\n<p><!-- end page header --><\/p>\n<p><!-- TEXT SECTION --><\/p>\n<section class=\"page-text two-up\">\n<div class=\"main-text\">\n<p>A pesar de que el 90% de los hogares norteamericanos poseen una Biblia,<sup><a href=\"#footnote-1\">1<\/a><\/sup> mucha gente tiene dificultades en conectarse verdaderamente con ella. Seg\u00fan una investigaci\u00f3n reciente, m\u00e1s del 60% de los norteamericanos quieren leer m\u00e1s la Biblia.<sup><a href=\"#footnote-2\">2<\/a><\/sup> Adem\u00e1s, el 87% de quienes asisten a la iglesia dicen que les gustar\u00eda que su iglesia les ayudara a comprender mejor la Biblia.<sup><a href=\"#footnote-3\">3<\/a><\/sup><\/p>\n<blockquote class=\"pull-quote\"><p>El 87% de quienes asisten a la iglesia dicen que les gustar\u00eda que su iglesia les ayudara a comprender mejor la Biblia.<\/p><\/blockquote>\n<p>Inmersi\u00f3n: Una experiencia en la Biblia nace de una alianza entre el Institute for Bible Reading (IFBR) y Tyndale House Publishers y es destinada para ayudar a la gente a abordar la Biblia con mayor efectividad. No se trata de un estudio ni un curso b\u00edblico; Inmersi\u00f3n est\u00e1 dise\u00f1ado como un programa de lectura de la Biblia.<\/p>\n<p>Es intencionalmente sencillo. Inmersi\u00f3n simplemente da a la gente la oportunidad de leer la Biblia, descubrir su historia y viajar a trav\u00e9s de ella con su comunidad. Creemos que, al retornar a una experiencia m\u00e1s natural de lectura de la Biblia, la gente puede leer y comprender verdaderamente la Palabra de Dios como siempre lo ha anhelado.<\/p>\n<p><a href=\"https:\/\/sites.tyndale.com\/bibliainmersion\/detalles-del-programa\/\">Conozca m\u00e1s acerca de Inmersi\u00f3n: Una experiencia en la Biblia<\/a><\/p>\n<footer class=\"footnotes\">\n<hr>\n<p class=\"footnote\" id=\"footnote-1\">1. Barna Group, \u00abThe State of the Bible 2017\u00bb<\/p>\n<p class=\"footnote\" id=\"footnote-2\">2. Barna Group, \u00abThe Bible in America: The Changing Landscape of Bible Perceptions and Engagement\u00bb, \u00a9 2016<\/p>\n<p class=\"footnote\" id=\"footnote-3\">3. Greg L. Hawkins y Cally Parkinson, \u00abFollow Me (Reveal)\u00bb, \u00a9 2008<\/p>\n<\/footer>\n<\/div>\n<aside class=\"text-sidebar\">\n<div class=\"text-sidebar-group\">\n<div class=\"text-sidebar-logo\">\n<a href=\"https:\/\/instituteforbiblereading.org\/\" target=\"_blank\" title=\"Visit the Institute for Bible Reading website\" rel=\"noopener noreferrer\"><img decoding=\"async\" src=\"https:\/\/sites.tyndale.com\/wp-content\/uploads\/2017\/09\/IFBR_logo.png\" alt=\"Institute for Bible Reading logo\" title=\"Institute for Bible Reading\"><\/a>\n<\/div>\n<header>Acerca del Institute for Bible Reading<\/header>\n<p>El Institute for Bible Reading es un laboratorio activo de ideas que lidera un movimiento para cambiar fundamentalmente la forma en que la gente lee y experimenta la Biblia. Se enfoca en combatir las tendencias negativas en el abordaje de la Biblia, crea recursos que restauran la Biblia a su formato natural y reorienta las pr\u00e1cticas de lectura b\u00edblica de la iglesia.<\/p>\n<p><a href=\"https:\/\/instituteforbiblereading.org\/\" target=\"_blank\" title=\"Visit the Institute for Bible Reading website\" rel=\"noopener noreferrer\">www.instituteforbiblereading.org<\/a>\n<\/div>\n<div class=\"text-sidebar-group\">\n<div class=\"text-sidebar-logo\">\n<a href=\"https:\/\/www.tyndale.com\/\" target=\"_blank\" title=\"Visit the Tyndale House Publishers website\" rel=\"noopener noreferrer\"><img decoding=\"async\" src=\"https:\/\/sites.tyndale.com\/wp-content\/themes\/immerse-bible\/images\/tyndale-logo-wide.png\" alt=\"Tyndale House Publishers logo\" title=\"Tyndale House Publishers\"><\/a>\n<\/div>\n<header>Acerca de Tyndale House Publishers<\/header>\n<p>Fundada en 1962, Tyndale House Publishers es una de las editoriales cristianas privadas de mayor amplitud en el mundo, que publica libros, ediciones de la Biblia y medios digitales. Tyndale publica tanto la <em>Holy Bible<\/em> (<em>Santa Biblia<\/em>), New Living Translation (NLT) en ingl\u00e9s como la <em>Santa Biblia<\/em>, Nueva Traducci\u00f3n Viviente (NTV) en espa\u00f1ol, traducciones elegidas por millones de personas.<\/p>\n<div><a href=\"https:\/\/www.tyndaleespanol.com\/\" target=\"_blank\" title=\"Visit the Tyndale House Publishers Spanish website\" rel=\"noopener noreferrer\">www.tyndaleespanol.com<\/a><\/div>\n<div><a href=\"https:\/\/www.tyndale.com\/\" target=\"_blank\" title=\"Visit the Tyndale House Publishers website\" rel=\"noopener noreferrer\">www.tyndale.com<\/a><\/div>\n<\/div>\n<\/aside>\n<\/section>\n<p><!-- end page text section --><\/p>\n<p><!-- CTA SECTION --><\/p>\n<section class=\"cta-section\">\n<div class=\"cta-section-inner\">\n<h4>\u00danase al movimiento<\/h4>\n<p class=\"cta-section-subhead\">\u00danase a las iglesias de toda Norteam\u00e9rica cuando se embarquen en un viaje de lectura de la Biblia.<\/p>\n<div class=\"cta-button\">\n<a href=\"https:\/\/sites.tyndale.com\/bibliainmersion\/inscribase\/\" class=\"button ghost-button-inverse\">Inscr\u00edbase hoy<\/a>\n<\/div>\n<\/div>\n<\/section>\n<p><!-- end cta section -->\n\t<\/div>\n<p><!-- .entry-content --><\/p>\n<\/article>\n<p><!-- #post-## --><\/p>\n<p>\t\t<\/main><!-- #main -->\n\t<\/div>\n<p><!-- #primary --><\/p><\/div>\n","protected":false},"excerpt":{"rendered":"<p>Acerca de Inmersi\u00f3n A pesar de que el 90% de los hogares norteamericanos poseen una Biblia,1 mucha gente tiene dificultades en conectarse verdaderamente con ella. Seg\u00fan una investigaci\u00f3n reciente, m\u00e1s del 60% de los norteamericanos quieren leer m\u00e1s la Biblia.2 Adem\u00e1s, el 87% de quienes asisten a la iglesia dicen que les gustar\u00eda que su [&hellip;]<\/p>\n","protected":false},"author":1,"featured_media":0,"parent":0,"menu_order":0,"comment_status":"closed","ping_status":"closed","template":"full-width.php","meta":{"ngg_post_thumbnail":0},"_links":{"self":[{"href":"https:\/\/sites.tyndale.com\/bibliainmersion\/wp-json\/wp\/v2\/pages\/18"}],"collection":[{"href":"https:\/\/sites.tyndale.com\/bibliainmersion\/wp-json\/wp\/v2\/pages"}],"about":[{"href":"https:\/\/sites.tyndale.com\/bibliainmersion\/wp-json\/wp\/v2\/types\/page"}],"author":[{"embeddable":true,"href":"https:\/\/sites.tyndale.com\/bibliainmersion\/wp-json\/wp\/v2\/users\/1"}],"replies":[{"embeddable":true,"href":"https:\/\/sites.tyndale.com\/bibliainmersion\/wp-json\/wp\/v2\/comments?post=18"}],"version-history":[{"count":73,"href":"https:\/\/sites.tyndale.com\/bibliainmersion\/wp-json\/wp\/v2\/pages\/18\/revisions"}],"predecessor-version":[{"id":1221,"href":"https:\/\/sites.tyndale.com\/bibliainmersion\/wp-json\/wp\/v2\/pages\/18\/revisions\/1221"}],"wp:attachment":[{"href":"https:\/\/sites.tyndale.com\/bibliainmersion\/wp-json\/wp\/v2\/media?parent=18"}],"curies":[{"name":"wp","href":"https:\/\/api.w.org\/{rel}","templated":true}]}}